{"id":546,"date":"2017-04-04T11:12:34","date_gmt":"2017-04-04T15:12:34","guid":{"rendered":"http:\/\/the7.io\/ecommerce-book\/?page_id=546"},"modified":"2026-01-07T09:51:14","modified_gmt":"2026-01-07T08:51:14","slug":"contact","status":"publish","type":"page","link":"https:\/\/www.mibhydro.com\/en\/contact\/","title":{"rendered":"Contact"},"content":{"rendered":"<p>[vc_row full_width=&#8221;stretch_row&#8221; equal_height=&#8221;yes&#8221; bg_type=&#8221;image&#8221; parallax_style=&#8221;vcpb-default&#8221; bg_image_new=&#8221;id^1460|url^http:\/\/www.mibhydro.com\/wp-content\/uploads\/2017\/04\/SLIDE35-1.jpg|caption^null|alt^null|title^SLIDE35|description^null&#8221; bg_image_repeat=&#8221;no-repeat&#8221; enable_overlay=&#8221;enable_overlay_value&#8221; overlay_color=&#8221;rgba(255,255,255,0.74)&#8221; type=&#8221;vc_default&#8221; margin_top=&#8221;75&#8243; margin_bottom=&#8221;-20&#8243; css=&#8221;.vc_custom_1510305426371{padding-top: 20px !important;padding-bottom: 30px !important;background-color: #ffffff !important;}&#8221;][vc_column width=&#8221;1\/2&#8243; offset=&#8221;vc_col-lg-offset-1 vc_col-lg-10 vc_col-md-offset-0 vc_col-md-12 vc_col-sm-offset-0&#8243;]<div id=\"ultimate-heading-257369f44268434f8\" class=\"uvc-heading ult-adjust-bottom-margin ultimate-heading-257369f44268434f8 uvc-3429 \" data-hspacer=\"no_spacer\"  data-halign=\"center\" style=\"text-align:center\"><div class=\"uvc-heading-spacer no_spacer\" style=\"top\"><\/div><div class=\"uvc-main-heading ult-responsive\"  data-ultimate-target='.uvc-heading.ultimate-heading-257369f44268434f8 h1'  data-responsive-json-new='{\"font-size\":\"desktop:26px;\",\"line-height\":\"desktop:36px;\"}' ><h1 style=\"font-weight:bold;margin-bottom:25px;\">VOUS AVEZ UNE QUESTION ?<\/h1><\/div><\/div>[vc_row_inner][vc_column_inner width=&#8221;1\/2&#8243;]\n<div class=\"wpcf7 no-js\" id=\"wpcf7-f2665-o1\" lang=\"fr-FR\" dir=\"ltr\" data-wpcf7-id=\"2665\">\n<div class=\"screen-reader-response\"><p role=\"status\" aria-live=\"polite\" aria-atomic=\"true\"><\/p> <ul><\/ul><\/div>\n<form action=\"\/en\/wp-json\/wp\/v2\/pages\/546#wpcf7-f2665-o1\" method=\"post\" class=\"wpcf7-form init\" aria-label=\"Formulaire de contact\" novalidate=\"novalidate\" data-status=\"init\">\n<fieldset class=\"hidden-fields-container\"><input type=\"hidden\" name=\"_wpcf7\" value=\"2665\" \/><input type=\"hidden\" name=\"_wpcf7_version\" value=\"6.1.5\" \/><input type=\"hidden\" name=\"_wpcf7_locale\" value=\"fr_FR\" \/><input type=\"hidden\" name=\"_wpcf7_unit_tag\" value=\"wpcf7-f2665-o1\" \/><input type=\"hidden\" name=\"_wpcf7_container_post\" value=\"0\" \/><input type=\"hidden\" name=\"_wpcf7_posted_data_hash\" value=\"\" \/><input type=\"hidden\" name=\"_wpcf7_recaptcha_response\" value=\"\" \/>\n<\/fieldset>\n<p><label><br \/>\n<span class=\"wpcf7-form-control-wrap\" data-name=\"your-name\"><input size=\"40\" maxlength=\"400\" class=\"wpcf7-form-control wpcf7-text wpcf7-validates-as-required\" aria-required=\"true\" aria-invalid=\"false\" placeholder=\"Votre nom*\" value=\"\" type=\"text\" name=\"your-name\" \/><\/span> <\/label><label><br \/>\n<span class=\"wpcf7-form-control-wrap\" data-name=\"your-email\"><input size=\"40\" maxlength=\"400\" class=\"wpcf7-form-control wpcf7-email wpcf7-validates-as-required wpcf7-text wpcf7-validates-as-email\" aria-required=\"true\" aria-invalid=\"false\" placeholder=\"Votre mail*\" value=\"\" type=\"email\" name=\"your-email\" \/><\/span> <\/label><label><br \/>\n<span class=\"wpcf7-form-control-wrap\" data-name=\"telephone\"><input size=\"40\" maxlength=\"400\" class=\"wpcf7-form-control wpcf7-tel wpcf7-validates-as-required wpcf7-text wpcf7-validates-as-tel\" aria-required=\"true\" aria-invalid=\"false\" placeholder=\"Votre num\u00e9ro de t\u00e9l\u00e9phone*\" value=\"\" type=\"tel\" name=\"telephone\" \/><\/span><\/label><label><br \/>\n<span class=\"wpcf7-form-control-wrap\" data-name=\"your-enterprise\"><input size=\"40\" maxlength=\"400\" class=\"wpcf7-form-control wpcf7-text wpcf7-validates-as-required\" aria-required=\"true\" aria-invalid=\"false\" placeholder=\"Votre entreprise*\" value=\"\" type=\"text\" name=\"your-enterprise\" \/><\/span><\/label><label><br \/>\n<span class=\"wpcf7-form-control-wrap\" data-name=\"your-adress\"><input size=\"40\" maxlength=\"400\" class=\"wpcf7-form-control wpcf7-text\" aria-invalid=\"false\" placeholder=\"Votre adresse\" value=\"\" type=\"text\" name=\"your-adress\" \/><\/span> <\/label><label><br \/>\n<span class=\"wpcf7-form-control-wrap\" data-name=\"your-country\"><input size=\"40\" maxlength=\"400\" class=\"wpcf7-form-control wpcf7-text\" aria-invalid=\"false\" placeholder=\"Pays\" value=\"\" type=\"text\" name=\"your-country\" \/><\/span> <\/label><label><br \/>\n<span class=\"wpcf7-form-control-wrap\" data-name=\"your-message\"><textarea cols=\"40\" rows=\"10\" maxlength=\"2000\" class=\"wpcf7-form-control wpcf7-textarea wpcf7-validates-as-required\" aria-required=\"true\" aria-invalid=\"false\" placeholder=\"Votre message*\" name=\"your-message\"><\/textarea><\/span> <\/label>\n<\/p>\n<p><span class=\"wpcf7-form-control-wrap\" data-name=\"acceptance-961\"><span class=\"wpcf7-form-control wpcf7-acceptance\"><span class=\"wpcf7-list-item\"><label><input type=\"checkbox\" name=\"acceptance-961\" value=\"1\" aria-invalid=\"false\" \/><span class=\"wpcf7-list-item-label\">J\u2019ai lu et j\u2019accepte <a href= \"https:\/\/www.mibhydro.com\/mentions-legales\/\" target= \"_blank\">la politique de confidentialit\u00e9<\/a> de ce site internet et accepte d\u2019\u00eatre recontact\u00e9<\/span><\/label><\/span><\/span><\/span>\n<\/p>\n<p><input class=\"wpcf7-form-control wpcf7-submit has-spinner\" type=\"submit\" value=\"Envoyer\" \/>\n<\/p><div class=\"wpcf7-response-output\" aria-hidden=\"true\"><\/div>\n<\/form>\n<\/div>\n[\/vc_column_inner][vc_column_inner width=&#8221;1\/2&#8243;][vc_gmaps link=&#8221;#E-8_JTNDaWZyYW1lJTIwc3JjJTNEJTIyaHR0cHMlM0ElMkYlMkZ3d3cuZ29vZ2xlLmNvbSUyRm1hcHMlMkZlbWJlZCUzRnBiJTNEJTIxMW0xNCUyMTFtOCUyMTFtMyUyMTFkNTYwMy45MjgyOTg2NDI3MzElMjEyZDQuMzA1NjM3JTIxM2Q0NS4zODk4OTQlMjEzbTIlMjExaTEwMjQlMjEyaTc2OCUyMTRmMTMuMSUyMTNtMyUyMTFtMiUyMTFzMHgwJTI1M0EweGUzNTU4YmU3ZWQ0YWY2NGQlMjEyc01JQiUyQkh5ZHJvJTIxNWUwJTIxM20yJTIxMXNmciUyMTJzZnIlMjE0djE1MTAyOTk4MzcyMTklMjIlMjB3aWR0aCUzRCUyMjYwMCUyMiUyMGhlaWdodCUzRCUyMjQ1MCUyMiUyMGZyYW1lYm9yZGVyJTNEJTIyMCUyMiUyMHN0eWxlJTNEJTIyYm9yZGVyJTNBMCUyMiUyMGFsbG93ZnVsbHNjcmVlbiUzRSUzQyUyRmlmcmFtZSUzRQ==&#8221;][\/vc_column_inner][\/vc_row_inner][\/vc_column][\/vc_row][vc_row full_width=&#8221;stretch_row&#8221; equal_height=&#8221;yes&#8221; bg_type=&#8221;bg_color&#8221; enable_overlay=&#8221;enable_overlay_value&#8221; overlay_color=&#8221;rgba(255,255,255,0.74)&#8221; seperator_enable=&#8221;seperator_enable_value&#8221; seperator_type=&#8221;tilt_left_seperator&#8221; seperator_svg_height=&#8221;50&#8243; seperator_shape_background=&#8221;#fa751e&#8221; type=&#8221;vc_default&#8221; margin_top=&#8221;75&#8243; margin_bottom=&#8221;-20&#8243; css=&#8221;.vc_custom_1616510854172{padding-top: 20px !important;padding-bottom: 50px !important;background-color: #ffffff !important;}&#8221;][vc_column width=&#8221;1\/2&#8243; offset=&#8221;vc_col-lg-offset-1 vc_col-lg-10 vc_col-md-offset-0 vc_col-md-12 vc_col-sm-offset-0&#8243;][vc_row_inner][vc_column_inner width=&#8221;1\/3&#8243;]<div class=\"ult-just-icon-wrapper accent-icon-color accent-border-color  vc_custom_1616510964774\"><div class=\"align-icon\" style=\"text-align:center;\">\n<div class=\"aio-icon-img \" style=\"font-size:48px;border-style:solid;border-color:#fa751e;border-width:3px;padding:20px;border-radius:500px;display:inline-block;\" >\n\t<img decoding=\"async\" class=\"img-icon\" alt=\"null\" src=\"https:\/\/www.mibhydro.com\/wp-content\/uploads\/2021\/03\/location-new.png\"\/>\n<\/div><\/div><\/div><div id=\"ultimate-heading-146869f4426844fc6\" class=\"uvc-heading ult-adjust-bottom-margin ultimate-heading-146869f4426844fc6 uvc-3472 color-title accent-icon-color\" data-hspacer=\"icon_only\"  data-halign=\"center\" style=\"text-align:center\"><div class=\"uvc-heading-spacer icon_only\" style=\"margin-top:0px;margin-bottom:0px;\"><div class=\"ult-just-icon-wrapper  \"><div class=\"align-icon\" style=\"text-align:center;\">\n<div class=\"aio-icon none \"  style=\"font-size:48px;display:inline-block;\">\n\t<i class=\"icomoon-font-awesome-14x14-map-o\"><\/i>\n<\/div><\/div><\/div><\/div><div class=\"uvc-main-heading ult-responsive\"  data-ultimate-target='.uvc-heading.ultimate-heading-146869f4426844fc6 h2'  data-responsive-json-new='{\"font-size\":\"desktop:12px;\",\"line-height\":\"desktop:24px;\"}' ><h2 style=\"font-weight:bold;color:#bbbbbb;margin-top:-30px;margin-bottom:0px;\">OU SOMMES-NOUS<\/h2><\/div><div class=\"uvc-sub-heading ult-responsive\"  data-ultimate-target='.uvc-heading.ultimate-heading-146869f4426844fc6 .uvc-sub-heading '  data-responsive-json-new='{\"font-size\":\"\",\"line-height\":\"\"}'  style=\"font-weight:bold;margin-top:0px;margin-bottom:0px;\">Zone d&#8217;activit\u00e9s Rue Lavoisier<br \/>\n42500 Le Chambon Feugerolles<br \/>\nFRANCE<\/div><\/div>[\/vc_column_inner][vc_column_inner width=&#8221;1\/3&#8243;]<div class=\"ult-just-icon-wrapper accent-icon-color accent-border-color  vc_custom_1616510984890\"><div class=\"align-icon\" style=\"text-align:center;\">\n<div class=\"aio-icon-img \" style=\"font-size:48px;border-style:solid;border-color:#fa751e;border-width:3px;padding:20px;border-radius:500px;display:inline-block;\" >\n\t<img decoding=\"async\" class=\"img-icon\" alt=\"null\" src=\"https:\/\/www.mibhydro.com\/wp-content\/uploads\/2021\/03\/mobile-phone-new.png\"\/>\n<\/div><\/div><\/div><div id=\"ultimate-heading-827069f442684528c\" class=\"uvc-heading ult-adjust-bottom-margin ultimate-heading-827069f442684528c uvc-3199 color-title accent-icon-color\" data-hspacer=\"icon_only\"  data-halign=\"center\" style=\"text-align:center\"><div class=\"uvc-heading-spacer icon_only\" style=\"margin-bottom:0px;\"><div class=\"ult-just-icon-wrapper  \"><div class=\"align-icon\" style=\"text-align:center;\">\n<div class=\"aio-icon none \"  style=\"font-size:48px;display:inline-block;\">\n\t<i class=\"icomoon-font-awesome-14x14-phone\"><\/i>\n<\/div><\/div><\/div><\/div><div class=\"uvc-main-heading ult-responsive\"  data-ultimate-target='.uvc-heading.ultimate-heading-827069f442684528c h2'  data-responsive-json-new='{\"font-size\":\"desktop:12px;\",\"line-height\":\"desktop:24px;\"}' ><h2 style=\"font-weight:bold;color:#bbbbbb;margin-top:-30px;margin-bottom:4px;\">NOUS APPELER<\/h2><\/div><div class=\"uvc-sub-heading ult-responsive\"  data-ultimate-target='.uvc-heading.ultimate-heading-827069f442684528c .uvc-sub-heading '  data-responsive-json-new='{\"font-size\":\"\",\"line-height\":\"\"}'  style=\"font-weight:bold;margin-bottom:0px;\">+33 (0) 3 29 58 36 15<\/div><\/div>[\/vc_column_inner][vc_column_inner width=&#8221;1\/3&#8243;]<div class=\"ult-just-icon-wrapper accent-icon-color accent-border-color  vc_custom_1616511013786\"><div class=\"align-icon\" style=\"text-align:center;\">\n<div class=\"aio-icon-img \" style=\"font-size:48px;border-style:solid;border-color:#fa751e;border-width:3px;padding:20px;border-radius:500px;display:inline-block;\" >\n\t<img decoding=\"async\" class=\"img-icon\" alt=\"null\" src=\"https:\/\/www.mibhydro.com\/wp-content\/uploads\/2021\/03\/mail-new.png\"\/>\n<\/div><\/div><\/div><div id=\"ultimate-heading-356169f4426845552\" class=\"uvc-heading ult-adjust-bottom-margin ultimate-heading-356169f4426845552 uvc-8046 color-title accent-icon-color\" data-hspacer=\"icon_only\"  data-halign=\"center\" style=\"text-align:center\"><div class=\"uvc-heading-spacer icon_only\" style=\"margin-bottom:0px;\"><div class=\"ult-just-icon-wrapper  \"><div class=\"align-icon\" style=\"text-align:center;\">\n<div class=\"aio-icon none \"  style=\"font-size:48px;display:inline-block;\">\n\t<i class=\"icomoon-font-awesome-14x14-envelope-o\"><\/i>\n<\/div><\/div><\/div><\/div><div class=\"uvc-main-heading ult-responsive\"  data-ultimate-target='.uvc-heading.ultimate-heading-356169f4426845552 h2'  data-responsive-json-new='{\"font-size\":\"desktop:12px;\",\"line-height\":\"desktop:24px;\"}' ><h2 style=\"font-weight:bold;color:#bbbbbb;margin-top:-30px;margin-bottom:4px;\">NOUS ECRIRE<\/h2><\/div><div class=\"uvc-sub-heading ult-responsive\"  data-ultimate-target='.uvc-heading.ultimate-heading-356169f4426845552 .uvc-sub-heading '  data-responsive-json-new='{\"font-size\":\"\",\"line-height\":\"\"}'  style=\"font-weight:bold;margin-bottom:0px;\"><a href=\"mailto:numalliance@numalliance.com\">numalliance@numalliance.com<\/a><\/div><\/div>[\/vc_column_inner][\/vc_row_inner][\/vc_column][\/vc_row]<\/p>\n","protected":false},"excerpt":{"rendered":"<p>[vc_row full_width=&#8221;stretch_row&#8221; equal_height=&#8221;yes&#8221; bg_type=&#8221;image&#8221; parallax_style=&#8221;vcpb-default&#8221; bg_image_new=&#8221;id^1460|url^http:\/\/www.mibhydro.com\/wp-content\/uploads\/2017\/04\/SLIDE35-1.jpg|caption^null|alt^null|title^SLIDE35|description^null&#8221; bg_image_repeat=&#8221;no-repeat&#8221; enable_overlay=&#8221;enable_overlay_value&#8221; overlay_color=&#8221;rgba(255,255,255,0.74)&#8221; type=&#8221;vc_default&#8221; margin_top=&#8221;75&#8243; margin_bottom=&#8221;-20&#8243; css=&#8221;.vc_custom_1510305426371{padding-top: 20px !important;padding-bottom: 30px !important;background-color: #ffffff !important;}&#8221;][vc_column width=&#8221;1\/2&#8243; offset=&#8221;vc_col-lg-offset-1 vc_col-lg-10 vc_col-md-offset-0 vc_col-md-12 vc_col-sm-offset-0&#8243;][vc_row_inner][vc_column_inner width=&#8221;1\/2&#8243;][\/vc_column_inner][vc_column_inner width=&#8221;1\/2&#8243;][vc_gmaps link=&#8221;#E-8_JTNDaWZyYW1lJTIwc3JjJTNEJTIyaHR0cHMlM0ElMkYlMkZ3d3cuZ29vZ2xlLmNvbSUyRm1hcHMlMkZlbWJlZCUzRnBiJTNEJTIxMW0xNCUyMTFtOCUyMTFtMyUyMTFkNTYwMy45MjgyOTg2NDI3MzElMjEyZDQuMzA1NjM3JTIxM2Q0NS4zODk4OTQlMjEzbTIlMjExaTEwMjQlMjEyaTc2OCUyMTRmMTMuMSUyMTNtMyUyMTFtMiUyMTFzMHgwJTI1M0EweGUzNTU4YmU3ZWQ0YWY2NGQlMjEyc01JQiUyQkh5ZHJvJTIxNWUwJTIxM20yJTIxMXNmciUyMTJzZnIlMjE0djE1MTAyOTk4MzcyMTklMjIlMjB3aWR0aCUzRCUyMjYwMCUyMiUyMGhlaWdodCUzRCUyMjQ1MCUyMiUyMGZyYW1lYm9yZGVyJTNEJTIyMCUyMiUyMHN0eWxlJTNEJTIyYm9yZGVyJTNBMCUyMiUyMGFsbG93ZnVsbHNjcmVlbiUzRSUzQyUyRmlmcmFtZSUzRQ==&#8221;][\/vc_column_inner][\/vc_row_inner][\/vc_column][\/vc_row][vc_row full_width=&#8221;stretch_row&#8221; equal_height=&#8221;yes&#8221; bg_type=&#8221;bg_color&#8221; enable_overlay=&#8221;enable_overlay_value&#8221; overlay_color=&#8221;rgba(255,255,255,0.74)&#8221; seperator_enable=&#8221;seperator_enable_value&#8221; seperator_type=&#8221;tilt_left_seperator&#8221; seperator_svg_height=&#8221;50&#8243; seperator_shape_background=&#8221;#fa751e&#8221; type=&#8221;vc_default&#8221; margin_top=&#8221;75&#8243; margin_bottom=&#8221;-20&#8243; css=&#8221;.vc_custom_1616510854172{padding-top: 20px !important;padding-bottom: 50px !important;background-color: #ffffff !important;}&#8221;][vc_column width=&#8221;1\/2&#8243; offset=&#8221;vc_col-lg-offset-1 vc_col-lg-10 vc_col-md-offset-0 vc_col-md-12 vc_col-sm-offset-0&#8243;][vc_row_inner][vc_column_inner width=&#8221;1\/3&#8243;][\/vc_column_inner][vc_column_inner width=&#8221;1\/3&#8243;][\/vc_column_inner][vc_column_inner&hellip;<\/p>\n","protected":false},"author":4,"featured_media":0,"parent":0,"menu_order":90,"comment_status":"closed","ping_status":"closed","template":"","meta":{"_exactmetrics_skip_tracking":false,"_exactmetrics_sitenote_active":false,"_exactmetrics_sitenote_note":"","_exactmetrics_sitenote_category":0,"footnotes":""},"class_list":["post-546","page","type-page","status-publish","hentry","description-off"],"_links":{"self":[{"href":"https:\/\/www.mibhydro.com\/en\/wp-json\/wp\/v2\/pages\/546","targetHints":{"allow":["GET"]}}],"collection":[{"href":"https:\/\/www.mibhydro.com\/en\/wp-json\/wp\/v2\/pages"}],"about":[{"href":"https:\/\/www.mibhydro.com\/en\/wp-json\/wp\/v2\/types\/page"}],"author":[{"embeddable":true,"href":"https:\/\/www.mibhydro.com\/en\/wp-json\/wp\/v2\/users\/4"}],"replies":[{"embeddable":true,"href":"https:\/\/www.mibhydro.com\/en\/wp-json\/wp\/v2\/comments?post=546"}],"version-history":[{"count":13,"href":"https:\/\/www.mibhydro.com\/en\/wp-json\/wp\/v2\/pages\/546\/revisions"}],"predecessor-version":[{"id":21410,"href":"https:\/\/www.mibhydro.com\/en\/wp-json\/wp\/v2\/pages\/546\/revisions\/21410"}],"wp:attachment":[{"href":"https:\/\/www.mibhydro.com\/en\/wp-json\/wp\/v2\/media?parent=546"}],"curies":[{"name":"wp","href":"https:\/\/api.w.org\/{rel}","templated":true}]}}