{"id":1583,"date":"2018-01-05T13:54:25","date_gmt":"2018-01-05T12:54:25","guid":{"rendered":"http:\/\/www.mibhydro.com\/?page_id=1583"},"modified":"2022-11-15T11:05:00","modified_gmt":"2022-11-15T10:05:00","slug":"domaines-dapplications-presse-compression-r-t-m-2000t","status":"publish","type":"page","link":"https:\/\/www.mibhydro.com\/en\/composites\/domaines-dapplications-presse-compression-r-t-m-2000t\/","title":{"rendered":"PRESSE COMPRESSION R.T.M 2000T"},"content":{"rendered":"<p>[vc_row full_width=&#8221;stretch_row&#8221; enable_overlay=&#8221;enable_overlay_value&#8221; overlay_color=&#8221;rgba(255,255,255,0.82)&#8221; seperator_enable=&#8221;seperator_enable_value&#8221; seperator_type=&#8221;tilt_left_seperator&#8221; seperator_svg_height=&#8221;60&#8243; seperator_shape_background=&#8221;#e74c4a&#8221;][vc_column width=&#8221;1\/2&#8243;]<div class=\"aio-icon-component    style_1\"><div id=\"Info-box-wrap-5452\" class=\"aio-icon-box left-icon\" style=\"\"  ><div class=\"aio-icon-left\"><div class=\"ult-just-icon-wrapper  \"><div class=\"align-icon\" style=\"text-align:center;\">\n<div class=\"aio-icon advanced \"  style=\"color:#dd3333;border-style:solid;border-color:#dd3333;border-width:1px;width:80px;height:80px;line-height:80px;border-radius:500px;font-size:50px;display:inline-block;\">\n\t<i class=\"Defaults-angle-right\"><\/i>\n<\/div><\/div><\/div><\/div><div class=\"aio-ibd-block\"><div class=\"aio-icon-header\" ><h3 class=\"aio-icon-title ult-responsive\"  data-ultimate-target='#Info-box-wrap-5452 .aio-icon-title'  data-responsive-json-new='{\"font-size\":\"desktop:27px;\",\"line-height\":\"\"}'  style=\"color:#e10318;\">PRESSE COMPRESSION R.T.M 2000T<\/h3><\/div> <!-- header --><div class=\"aio-icon-description ult-responsive\"  data-ultimate-target='#Info-box-wrap-5452 .aio-icon-description'  data-responsive-json-new='{\"font-size\":\"\",\"line-height\":\"\"}'  style=\"\">PI\u00c8CES A\u00c9RONAUTIQUE<\/div> <!-- description --><\/div> <!-- aio-ibd-block --><\/div> <!-- aio-icon-box --><\/div> <!-- aio-icon-component -->[vc_separator color=&#8221;custom&#8221; align=&#8221;align_left&#8221; border_width=&#8221;2&#8243; accent_color=&#8221;#c9c9c9&#8243; css=&#8221;.vc_custom_1510151129236{margin-top: -25px !important;}&#8221;][vc_column_text css=&#8221;.vc_custom_1668506606477{margin-top: 40px !important;}&#8221;]<strong>MIB by Numalliance r\u00e9alise des presses de d\u00e9veloppement de taille adapt\u00e9es au besoin.<\/strong><\/p>\n<h3>Fonctionnement :<\/h3>\n<p>Cette presse permet la\u00a0fabrication de pi\u00e8ces RTM mais peut \u00e9galement\u00a0convenir \u00e0 d\u2019autres proc\u00e9d\u00e9s.\u00a0La presse est \u00e9quip\u00e9e d\u2019une table basse sortante\u00a0pour faciliter les manipulations des moules mais aussi\u00a0le d\u00e9chargement des pi\u00e8ces de grandes tailles r\u00e9alis\u00e9es.<br \/>\nLa multitude de zones de chauffe et de refroidissement\u00a0permet d\u2019obtenir une homog\u00e9n\u00e9it\u00e9 de temp\u00e9rature\u00a0des plateaux mais \u00e9galement des moules via\u00a0leurs thermocouples.\u00a0La tra\u00e7abilit\u00e9 des cycles et des pi\u00e8ces ainsi que l\u2019analyse\u00a0des r\u00e9sultats est compl\u00e8te par le biais de la gestion\u00a0de la supervision. L\u2019impression des PV et leur<br \/>\nsauvegarde est int\u00e9gr\u00e9 au syst\u00e8me.[\/vc_column_text][\/vc_column][vc_column width=&#8221;1\/2&#8243;][vc_single_image image=&#8221;1567&#8243; img_size=&#8221;full&#8221; alignment=&#8221;center&#8221;][\/vc_column][\/vc_row][vc_row full_width=&#8221;stretch_row&#8221; bg_type=&#8221;bg_color&#8221; bg_override=&#8221;full&#8221; seperator_enable=&#8221;seperator_enable_value&#8221; seperator_type=&#8221;tilt_right_seperator&#8221; seperator_svg_height=&#8221;50&#8243; seperator_shape_background=&#8221;#e2e2e2&#8243; bg_color_value=&#8221;#f7f7f7&#8243; css=&#8221;.vc_custom_1510153051474{padding-top: 20px !important;}&#8221;][vc_column]<div class=\"aio-icon-component    style_1\"><div id=\"Info-box-wrap-3441\" class=\"aio-icon-box left-icon\" style=\"\"  ><div class=\"aio-icon-left\"><div class=\"ult-just-icon-wrapper  \"><div class=\"align-icon\" style=\"text-align:center;\">\n<div class=\"aio-icon-img \" style=\"font-size:48px;border-style:solid;border-color:#dd3333;border-width:1px;padding:20px;border-radius:500px;display:inline-block;\" >\n\t<img decoding=\"async\" class=\"img-icon\" alt=\"null\" src=\"https:\/\/www.mibhydro.com\/wp-content\/uploads\/2017\/10\/brochure-1.png\"\/>\n<\/div><\/div><\/div><\/div><div class=\"aio-ibd-block\"><div class=\"aio-icon-header\" ><h3 class=\"aio-icon-title ult-responsive\"  data-ultimate-target='#Info-box-wrap-3441 .aio-icon-title'  data-responsive-json-new='{\"font-size\":\"desktop:27px;\",\"line-height\":\"\"}'  style=\"color:#e10318;\">Fiche technique<\/h3><\/div> <!-- header --><\/div> <!-- aio-ibd-block --><\/div> <!-- aio-icon-box --><\/div> <!-- aio-icon-component -->[vc_separator color=&#8221;custom&#8221; align=&#8221;align_left&#8221; border_width=&#8221;2&#8243; el_width=&#8221;50&#8243; accent_color=&#8221;#c9c9c9&#8243; css=&#8221;.vc_custom_1510151065777{margin-top: -25px !important;}&#8221;][\/vc_column][vc_column width=&#8221;1\/2&#8243; css=&#8221;.vc_custom_1507797995886{padding-top: 50px !important;}&#8221;]<div class=\"aio-icon-component    style_1\"><div id=\"Info-box-wrap-3745\" class=\"aio-icon-box default-icon\" style=\"\"  ><div class=\"aio-icon-default\"><div class=\"ult-just-icon-wrapper  \"><div class=\"align-icon\" style=\"text-align:center;\">\n<div class=\"aio-icon advanced \"  style=\"color:#ffffff;background:#dd3333;border-style:;border-color:#333333;border-width:1px;width:40px;height:40px;line-height:40px;border-radius:500px;font-size:22px;display:inline-block;\">\n\t<i class=\"Defaults-cogs gears\"><\/i>\n<\/div><\/div><\/div><\/div><div class=\"aio-icon-header\" ><h3 class=\"aio-icon-title ult-responsive\"  data-ultimate-target='#Info-box-wrap-3745 .aio-icon-title'  data-responsive-json-new='{\"font-size\":\"\",\"line-height\":\"\"}'  style=\"\">Caract\u00e9ristiques<\/h3><\/div> <!-- header --><div class=\"aio-icon-description ult-responsive\"  data-ultimate-target='#Info-box-wrap-3745 .aio-icon-description'  data-responsive-json-new='{\"font-size\":\"\",\"line-height\":\"\"}'  style=\"\">\u2022 Force : 200 \u00e0 2 000 tonnes<br \/>\n\u2022 Passage et course : 1 000 mm<br \/>\n\u2022 Dimensions utiles des plateaux : 2000 x 2000 mm<br \/>\n\u2022 Temp\u00e9rature de chauffe : max. 450\u00b0C<br \/>\n\u2022 Puissance chauffe install\u00e9e 400 kW<br \/>\n\u2022 Rampe de chauffe r\u00e9glable : 1 \u00e0 10\u00b0C\/minute<br \/>\n\u2022 Rampe de refroidissement r\u00e9glable : 2 \u00e0 20\u00b0C\/minute<br \/>\n\u2022 Circuit de refroidissement 300 kW en boucle ferm\u00e9e constitu\u00e9 d\u2019un \u00e9changeur \u00e0 plaques, d\u2019une cuve tampon de 3000 litres et d\u2019un condenseur de vapeur.<br \/>\n\u2022 Certification Directive Machine 2006\/42\/CE<br \/>\n\u2022 Norme EN NF 289+A1<\/div> <!-- description --><\/div> <!-- aio-icon-box --><\/div> <!-- aio-icon-component -->[\/vc_column][vc_column width=&#8221;1\/2&#8243;]<div class=\"aio-icon-component    style_1\"><div id=\"Info-box-wrap-7373\" class=\"aio-icon-box default-icon\" style=\"\"  ><div class=\"aio-icon-default\"><div class=\"ult-just-icon-wrapper  \"><div class=\"align-icon\" style=\"text-align:center;\">\n<div class=\"aio-icon advanced \"  style=\"color:#ffffff;background:#dd3333;border-style:;border-color:#333333;border-width:1px;width:40px;height:40px;line-height:40px;border-radius:500px;font-size:22px;display:inline-block;\">\n\t<i class=\"Defaults-cubes\"><\/i>\n<\/div><\/div><\/div><\/div><div class=\"aio-icon-header\" ><h3 class=\"aio-icon-title ult-responsive\"  data-ultimate-target='#Info-box-wrap-7373 .aio-icon-title'  data-responsive-json-new='{\"font-size\":\"\",\"line-height\":\"\"}'  style=\"\">Equipements<\/h3><\/div> <!-- header --><div class=\"aio-icon-description ult-responsive\"  data-ultimate-target='#Info-box-wrap-7373 .aio-icon-description'  data-responsive-json-new='{\"font-size\":\"\",\"line-height\":\"\"}'  style=\"\"><\/p>\n<ul>\n<li>????????????????<\/li>\n<li>????????????????<\/li>\n<li>????????????????<\/li>\n<li>????????????????<\/li>\n<li>????????????????<\/li>\n<li>????????????????<\/li>\n<\/ul>\n<p><\/div> <!-- description --><\/div> <!-- aio-icon-box --><\/div> <!-- aio-icon-component --><div class=\"aio-icon-component    style_1\"><div id=\"Info-box-wrap-5375\" class=\"aio-icon-box default-icon\" style=\"\"  ><div class=\"aio-icon-default\"><div class=\"ult-just-icon-wrapper  \"><div class=\"align-icon\" style=\"text-align:center;\">\n<div class=\"aio-icon advanced \"  style=\"color:#ffffff;background:#dd3333;border-style:;border-color:#333333;border-width:1px;width:40px;height:40px;line-height:40px;border-radius:500px;font-size:22px;display:inline-block;\">\n\t<i class=\"Defaults-cloud-download\"><\/i>\n<\/div><\/div><\/div><\/div><div class=\"aio-icon-header\" ><h3 class=\"aio-icon-title ult-responsive\"  data-ultimate-target='#Info-box-wrap-5375 .aio-icon-title'  data-responsive-json-new='{\"font-size\":\"\",\"line-height\":\"\"}'  style=\"\">T\u00e9l\u00e9charger la fiche produit<\/h3><\/div> <!-- header --><div class=\"aio-icon-description ult-responsive\"  data-ultimate-target='#Info-box-wrap-5375 .aio-icon-description'  data-responsive-json-new='{\"font-size\":\"\",\"line-height\":\"\"}'  style=\"\"><a href=\"http:\/\/www.mibhydro.com\/wp-content\/uploads\/2018\/01\/Presse-compression-RTM-2000T-Compression-a-chaud-Composites.pdf\" target=\"_blank\" rel=\"noopener\"><img loading=\"lazy\" decoding=\"async\" class=\"alignnone wp-image-1013 size-full\" src=\"http:\/\/www.mibhydro.com\/wp-content\/uploads\/2017\/10\/pdf.png\" alt=\"\" width=\"64\" height=\"64\" \/><\/a><\/div> <!-- description --><\/div> <!-- aio-icon-box --><\/div> <!-- aio-icon-component -->[\/vc_column][\/vc_row][vc_row full_width=&#8221;stretch_row&#8221; enable_overlay=&#8221;enable_overlay_value&#8221; overlay_color=&#8221;rgba(255,255,255,0.9)&#8221; css=&#8221;.vc_custom_1510152266615{margin-top: 10px !important;}&#8221;][vc_column][vc_row_inner][vc_column_inner width=&#8221;1\/3&#8243;][vc_separator color=&#8221;custom&#8221; align=&#8221;align_left&#8221; border_width=&#8221;2&#8243; accent_color=&#8221;#dd3333&#8243; css=&#8221;.vc_custom_1510152772877{margin-top: 47px !important;}&#8221;][\/vc_column_inner][vc_column_inner width=&#8221;1\/3&#8243;]<div class=\"aio-icon-component  vc_custom_1510152907554   style_1\"><div id=\"Info-box-wrap-6055\" class=\"aio-icon-box default-icon\" style=\"\"  ><div class=\"aio-icon-default\"><div class=\"ult-just-icon-wrapper  \"><div class=\"align-icon\" style=\"text-align:center;\">\n<div class=\"aio-icon-img \" style=\"font-size:48px;border-style:solid;border-color:#dd3333;border-width:1px;padding:20px;border-radius:500px;display:inline-block;\" >\n\t<img decoding=\"async\" class=\"img-icon\" alt=\"null\" src=\"https:\/\/www.mibhydro.com\/wp-content\/uploads\/2017\/10\/binoculars.png\"\/>\n<\/div><\/div><\/div><\/div><div class=\"aio-icon-header\" ><h3 class=\"aio-icon-title ult-responsive\"  data-ultimate-target='#Info-box-wrap-6055 .aio-icon-title'  data-responsive-json-new='{\"font-size\":\"desktop:27px;\",\"line-height\":\"\"}'  style=\"color:#e10318;\">Voir aussi<\/h3><\/div> <!-- header --><\/div> <!-- aio-icon-box --><\/div> <!-- aio-icon-component -->[\/vc_column_inner][vc_column_inner width=&#8221;1\/3&#8243;][vc_separator color=&#8221;custom&#8221; align=&#8221;align_left&#8221; border_width=&#8221;2&#8243; accent_color=&#8221;#dd3333&#8243; css=&#8221;.vc_custom_1510152772877{margin-top: 47px !important;}&#8221;][\/vc_column_inner][\/vc_row_inner]<style type=\"text\/css\" data-type=\"the7_shortcodes-inline-css\">.carousel-shortcode.carousel-shortcode-id-6bf83bacc896ca426139bfe47188e85a .owl-nav a {\n  width: 36px;\n  height: 36px;\n  border-radius: 500px;\n}\n.dt-arrow-border-on.carousel-shortcode.carousel-shortcode-id-6bf83bacc896ca426139bfe47188e85a .owl-nav a:not(:hover):before {\n  border-width: 0px;\n}\n.dt-arrow-hover-border-on.carousel-shortcode.carousel-shortcode-id-6bf83bacc896ca426139bfe47188e85a .owl-nav a:hover:after {\n  border-width: 0px;\n}\n.carousel-shortcode.carousel-shortcode-id-6bf83bacc896ca426139bfe47188e85a .owl-nav a.owl-prev {\n  top: 50%;\n  transform: translateY(calc(-50% + 0px));\n  left: -43px;\n}\n@media all and (-ms-high-contrast: none) {\n  .carousel-shortcode.carousel-shortcode-id-6bf83bacc896ca426139bfe47188e85a .owl-nav a.owl-prev {\n    transform: translateY(-50%);\n    margin-top: 0px;\n  }\n}\n.carousel-shortcode.carousel-shortcode-id-6bf83bacc896ca426139bfe47188e85a .owl-nav a.owl-prev i {\n  padding: 0px 0px 0px 0px;\n}\n.carousel-shortcode.carousel-shortcode-id-6bf83bacc896ca426139bfe47188e85a .owl-nav a.owl-next {\n  top: 50%;\n  transform: translateY(calc(-50% + 0px));\n  right: -43px;\n}\n@media all and (-ms-high-contrast: none) {\n  .carousel-shortcode.carousel-shortcode-id-6bf83bacc896ca426139bfe47188e85a .owl-nav a.owl-next {\n    transform: translateY(-50%);\n    margin-top: 0px;\n  }\n}\n.carousel-shortcode.carousel-shortcode-id-6bf83bacc896ca426139bfe47188e85a .owl-nav a.owl-next i {\n  padding: 0px 0px 0px 0px;\n}\n.carousel-shortcode.carousel-shortcode-id-6bf83bacc896ca426139bfe47188e85a .owl-nav i {\n  font-size: 18px;\n}\n.carousel-shortcode.carousel-shortcode-id-6bf83bacc896ca426139bfe47188e85a .owl-nav a:not(:hover) i,\n.carousel-shortcode.carousel-shortcode-id-6bf83bacc896ca426139bfe47188e85a .owl-nav a:not(:hover) i:before {\n  color: #ffffff;\n  background: none;\n}\n.carousel-shortcode.carousel-shortcode-id-6bf83bacc896ca426139bfe47188e85a .owl-nav a:hover i,\n.carousel-shortcode.carousel-shortcode-id-6bf83bacc896ca426139bfe47188e85a .owl-nav a:hover i:before {\n  color: rgba(255,255,255,0.75);\n  background: none;\n}\n.carousel-shortcode.carousel-shortcode-id-6bf83bacc896ca426139bfe47188e85a .owl-dots {\n  top: calc(100% + 20px);\n  left: 50%;\n  transform: translateX(calc(-50% + 0px));\n}\n@media all and (-ms-high-contrast: none) {\n  .carousel-shortcode.carousel-shortcode-id-6bf83bacc896ca426139bfe47188e85a .owl-dots {\n    transform: translateX(-50%);\n    margin-left: 0px;\n  }\n}\n.carousel-shortcode.carousel-shortcode-id-6bf83bacc896ca426139bfe47188e85a .owl-dot {\n  width: 10px;\n  height: 10px;\n  margin: 0 8px;\n}\n@media screen and (max-width: 778px) {\n  .carousel-shortcode.carousel-shortcode-id-6bf83bacc896ca426139bfe47188e85a.hide-arrows .owl-nav a {\n    display: none;\n  }\n}\n@media screen and (max-width: 778px) {\n  .carousel-shortcode.carousel-shortcode-id-6bf83bacc896ca426139bfe47188e85a.reposition-arrows .owl-nav .owl-prev {\n    top: 50%;\n    transform: translateY(calc(-50% + 0px));\n    left: 10px;\n  }\n  .carousel-shortcode.carousel-shortcode-id-6bf83bacc896ca426139bfe47188e85a.reposition-arrows .owl-nav .owl-next {\n    top: 50%;\n    transform: translateY(calc(-50% + 0px));\n    right: 10px;\n  }\n}\n@media screen and (max-width: 778px) and all and (-ms-high-contrast: none) {\n  .carousel-shortcode.carousel-shortcode-id-6bf83bacc896ca426139bfe47188e85a.reposition-arrows .owl-nav .owl-prev {\n    transform: translateY(-50%);\n    margin-top: 0px;\n  }\n}\n@media screen and (max-width: 778px) and all and (-ms-high-contrast: none) {\n  .carousel-shortcode.carousel-shortcode-id-6bf83bacc896ca426139bfe47188e85a.reposition-arrows .owl-nav .owl-next {\n    transform: translateY(-50%);\n    margin-top: 0px;\n  }\n}\n<\/style><div class=\"owl-carousel carousel-shortcode dt-owl-carousel-call carousel-shortcode-id-6bf83bacc896ca426139bfe47188e85a bullets-small-dot-stroke reposition-arrows arrows-bg-on dt-arrow-border-on dt-arrow-hover-border-on disable-arrows-hover-bg arrows-hover-bg-on  vc_custom_1515155574098 \" data-scroll-mode=\"1\" data-col-num=\"4\" data-wide-col-num=\"4\" data-laptop-col=\"4\" data-h-tablet-columns-num=\"4\" data-v-tablet-columns-num=\"2\" data-phone-columns-num=\"2\" data-auto-height=\"true\" data-col-gap=\"30\" data-stage-padding=\"0\" data-speed=\"600\" data-autoplay=\"false\" data-autoplay_speed=\"6000\" data-arrows=\"true\" data-bullet=\"false\" data-next-icon=\"icon-ar-017-r\" data-prev-icon=\"icon-ar-017-l\">[vc_row_inner][vc_column_inner][vc_single_image image=&#8221;1566&#8243; alignment=&#8221;center&#8221;]<div class=\"aio-icon-component    style_1\"><div id=\"Info-box-wrap-5387\" class=\"aio-icon-box top-icon\" style=\"\"  ><div class=\"aio-icon-header\" ><a class=\"aio-icon-box-link\" href=\"?page_id=1572\" ><h3 class=\"aio-icon-title ult-responsive\"  data-ultimate-target='#Info-box-wrap-5387 .aio-icon-title'  data-responsive-json-new='{\"font-size\":\"desktop:15px;\",\"line-height\":\"desktop:15px;\"}'  style=\"\">PRESSE DE COMPRESSION R.T.M<\/h3><\/a><\/div> <!-- header --><\/div> <!-- aio-icon-box --><\/div> <!-- aio-icon-component -->[\/vc_column_inner][\/vc_row_inner][vc_row_inner][vc_column_inner][vc_single_image image=&#8221;1567&#8243; alignment=&#8221;center&#8221;]<div class=\"aio-icon-component    style_1\"><div id=\"Info-box-wrap-3138\" class=\"aio-icon-box top-icon\" style=\"\"  ><div class=\"aio-icon-header\" ><a class=\"aio-icon-box-link\" href=\"?page_id=1583\" ><h3 class=\"aio-icon-title ult-responsive\"  data-ultimate-target='#Info-box-wrap-3138 .aio-icon-title'  data-responsive-json-new='{\"font-size\":\"desktop:15px;\",\"line-height\":\"desktop:15px;\"}'  style=\"\">PRESSE COMPRESSION R.T.M 2000T<\/h3><\/a><\/div> <!-- header --><\/div> <!-- aio-icon-box --><\/div> <!-- aio-icon-component -->[\/vc_column_inner][\/vc_row_inner][vc_row_inner][vc_column_inner][vc_single_image image=&#8221;1569&#8243; alignment=&#8221;center&#8221;]<div class=\"aio-icon-component    style_1\"><div id=\"Info-box-wrap-1525\" class=\"aio-icon-box top-icon\" style=\"\"  ><div class=\"aio-icon-header\" ><a class=\"aio-icon-box-link\" href=\"?page_id=1643\" ><h3 class=\"aio-icon-title ult-responsive\"  data-ultimate-target='#Info-box-wrap-1525 .aio-icon-title'  data-responsive-json-new='{\"font-size\":\"desktop:15px;\",\"line-height\":\"desktop:15px;\"}'  style=\"\">PRESSE A COMPRESSION DE SMC<\/h3><\/a><\/div> <!-- header --><\/div> <!-- aio-icon-box --><\/div> <!-- aio-icon-component -->[\/vc_column_inner][\/vc_row_inner][vc_row_inner][vc_column_inner][vc_single_image image=&#8221;1568&#8243; alignment=&#8221;center&#8221;]<div class=\"aio-icon-component    style_1\"><div id=\"Info-box-wrap-3916\" class=\"aio-icon-box top-icon\" style=\"\"  ><div class=\"aio-icon-header\" ><a class=\"aio-icon-box-link\" href=\"?page_id=1636\" ><h3 class=\"aio-icon-title ult-responsive\"  data-ultimate-target='#Info-box-wrap-3916 .aio-icon-title'  data-responsive-json-new='{\"font-size\":\"desktop:15px;\",\"line-height\":\"desktop:15px;\"}'  style=\"\">PRESSE LABORATOIRE<\/h3><\/a><\/div> <!-- header --><\/div> <!-- aio-icon-box --><\/div> <!-- aio-icon-component -->[\/vc_column_inner][\/vc_row_inner]<\/div>[\/vc_column][\/vc_row]<\/p>","protected":false},"excerpt":{"rendered":"<p>[vc_row full_width=&#8221;stretch_row&#8221; enable_overlay=&#8221;enable_overlay_value&#8221; overlay_color=&#8221;rgba(255,255,255,0.82)&#8221; seperator_enable=&#8221;seperator_enable_value&#8221; seperator_type=&#8221;tilt_left_seperator&#8221; seperator_svg_height=&#8221;60&#8243; seperator_shape_background=&#8221;#e74c4a&#8221;][vc_column width=&#8221;1\/2&#8243;][vc_separator color=&#8221;custom&#8221; align=&#8221;align_left&#8221; border_width=&#8221;2&#8243; accent_color=&#8221;#c9c9c9&#8243; css=&#8221;.vc_custom_1510151129236{margin-top: -25px !important;}&#8221;][vc_column_text css=&#8221;.vc_custom_1668506606477{margin-top: 40px !important;}&#8221;]MIB by Numalliance r\u00e9alise des presses de d\u00e9veloppement de taille adapt\u00e9es au besoin. Fonctionnement : Cette presse permet la\u00a0fabrication de pi\u00e8ces RTM mais peut \u00e9galement\u00a0convenir \u00e0 d\u2019autres proc\u00e9d\u00e9s.\u00a0La presse est \u00e9quip\u00e9e d\u2019une table basse sortante\u00a0pour faciliter les&hellip;<\/p>\n","protected":false},"author":4,"featured_media":0,"parent":1560,"menu_order":0,"comment_status":"closed","ping_status":"closed","template":"","meta":{"_exactmetrics_skip_tracking":false,"_exactmetrics_sitenote_active":false,"_exactmetrics_sitenote_note":"","_exactmetrics_sitenote_category":0,"footnotes":""},"class_list":["post-1583","page","type-page","status-publish","hentry","description-off"],"_links":{"self":[{"href":"https:\/\/www.mibhydro.com\/en\/wp-json\/wp\/v2\/pages\/1583","targetHints":{"allow":["GET"]}}],"collection":[{"href":"https:\/\/www.mibhydro.com\/en\/wp-json\/wp\/v2\/pages"}],"about":[{"href":"https:\/\/www.mibhydro.com\/en\/wp-json\/wp\/v2\/types\/page"}],"author":[{"embeddable":true,"href":"https:\/\/www.mibhydro.com\/en\/wp-json\/wp\/v2\/users\/4"}],"replies":[{"embeddable":true,"href":"https:\/\/www.mibhydro.com\/en\/wp-json\/wp\/v2\/comments?post=1583"}],"version-history":[{"count":5,"href":"https:\/\/www.mibhydro.com\/en\/wp-json\/wp\/v2\/pages\/1583\/revisions"}],"predecessor-version":[{"id":19669,"href":"https:\/\/www.mibhydro.com\/en\/wp-json\/wp\/v2\/pages\/1583\/revisions\/19669"}],"up":[{"embeddable":true,"href":"https:\/\/www.mibhydro.com\/en\/wp-json\/wp\/v2\/pages\/1560"}],"wp:attachment":[{"href":"https:\/\/www.mibhydro.com\/en\/wp-json\/wp\/v2\/media?parent=1583"}],"curies":[{"name":"wp","href":"https:\/\/api.w.org\/{rel}","templated":true}]}}