{"id":1421,"date":"2017-11-09T16:12:15","date_gmt":"2017-11-09T15:12:15","guid":{"rendered":"http:\/\/www.mibhydro.com\/?page_id=1421"},"modified":"2018-03-26T14:14:20","modified_gmt":"2018-03-26T12:14:20","slug":"metaux-presse-de-redressage-de-formage","status":"publish","type":"page","link":"https:\/\/www.mibhydro.com\/en\/metaux\/metaux-presse-de-redressage-de-formage\/","title":{"rendered":"M\u00e9taux : PRESSE DE REDRESSAGE ET DE FORMAGE"},"content":{"rendered":"<p>[vc_row full_width=&#8221;stretch_row&#8221; enable_overlay=&#8221;enable_overlay_value&#8221; overlay_color=&#8221;rgba(255,255,255,0.82)&#8221; seperator_enable=&#8221;seperator_enable_value&#8221; seperator_type=&#8221;tilt_left_seperator&#8221; seperator_svg_height=&#8221;60&#8243; seperator_shape_background=&#8221;#e74c4a&#8221;][vc_column width=&#8221;1\/2&#8243;]<div class=\"aio-icon-component    style_1\"><div id=\"Info-box-wrap-9550\" class=\"aio-icon-box left-icon\" style=\"\"  ><div class=\"aio-icon-left\"><div class=\"ult-just-icon-wrapper  \"><div class=\"align-icon\" style=\"text-align:center;\">\n<div class=\"aio-icon advanced \"  style=\"color:#dd3333;border-style:solid;border-color:#dd3333;border-width:1px;width:80px;height:80px;line-height:80px;border-radius:500px;font-size:50px;display:inline-block;\">\n\t<i class=\"Defaults-angle-right\"><\/i>\n<\/div><\/div><\/div><\/div><div class=\"aio-ibd-block\"><div class=\"aio-icon-header\" ><h3 class=\"aio-icon-title ult-responsive\"  data-ultimate-target='#Info-box-wrap-9550 .aio-icon-title'  data-responsive-json-new='{\"font-size\":\"desktop:27px;\",\"line-height\":\"\"}'  style=\"color:#e10318;\">PRESSE DE REDRESSAGE ET DE FORMAGE<\/h3><\/div> <!-- header --><div class=\"aio-icon-description ult-responsive\"  data-ultimate-target='#Info-box-wrap-9550 .aio-icon-description'  data-responsive-json-new='{\"font-size\":\"\",\"line-height\":\"\"}'  style=\"\">PRESSES \u00c0 COL DE CYGNE OU \u00c0 ARCADE<\/div> <!-- description --><\/div> <!-- aio-ibd-block --><\/div> <!-- aio-icon-box --><\/div> <!-- aio-icon-component -->[vc_separator color=&#8221;custom&#8221; align=&#8221;align_left&#8221; border_width=&#8221;2&#8243; accent_color=&#8221;#c9c9c9&#8243; css=&#8221;.vc_custom_1510151129236{margin-top: -25px !important;}&#8221;][vc_column_text css=&#8221;.vc_custom_1510240503746{margin-top: 40px !important;}&#8221;]<strong>Adapt\u00e9es aussi bien pour le travail \u00e0 fa\u00e7on comme\u00a0pour la production s\u00e9rie pour des applications dans\u00a0l\u2019industries lourdes,l\u2019a\u00e9ronautiques, l\u2019\u00e9nergie,\u00a0l\u2019agro-alimentaire, l\u2019automobile\u2026<\/strong><\/p>\n<p>Con\u00e7ues pour couvrir une large gamme de produits :Tubes, profil\u00e9s, t\u00f4le, pi\u00e8ces de forme et d\u2019usinage.\u00a0Mati\u00e8res sp\u00e9ciales (aluminium a\u00e9ronautique, inox,\u00a0titane, acier \u00e0 ressorts).[\/vc_column_text][\/vc_column][vc_column width=&#8221;1\/2&#8243;][vc_single_image image=&#8221;1345&#8243; img_size=&#8221;full&#8221; alignment=&#8221;center&#8221;][\/vc_column][\/vc_row][vc_row full_width=&#8221;stretch_row&#8221; bg_type=&#8221;bg_color&#8221; bg_override=&#8221;full&#8221; seperator_enable=&#8221;seperator_enable_value&#8221; seperator_type=&#8221;tilt_right_seperator&#8221; seperator_svg_height=&#8221;50&#8243; seperator_shape_background=&#8221;#e2e2e2&#8243; bg_color_value=&#8221;#f7f7f7&#8243; css=&#8221;.vc_custom_1510240536480{padding-top: 20px !important;}&#8221;][vc_column]<div class=\"aio-icon-component    style_1\"><div id=\"Info-box-wrap-3720\" class=\"aio-icon-box left-icon\" style=\"\"  ><div class=\"aio-icon-left\"><div class=\"ult-just-icon-wrapper  \"><div class=\"align-icon\" style=\"text-align:center;\">\n<div class=\"aio-icon-img \" style=\"font-size:48px;border-style:solid;border-color:#dd3333;border-width:1px;padding:20px;border-radius:500px;display:inline-block;\" >\n\t<img decoding=\"async\" class=\"img-icon\" alt=\"null\" src=\"https:\/\/www.mibhydro.com\/wp-content\/uploads\/2017\/10\/brochure-1.png\"\/>\n<\/div><\/div><\/div><\/div><div class=\"aio-ibd-block\"><div class=\"aio-icon-header\" ><h3 class=\"aio-icon-title ult-responsive\"  data-ultimate-target='#Info-box-wrap-3720 .aio-icon-title'  data-responsive-json-new='{\"font-size\":\"desktop:27px;\",\"line-height\":\"\"}'  style=\"color:#e10318;\">Fiche technique<\/h3><\/div> <!-- header --><\/div> <!-- aio-ibd-block --><\/div> <!-- aio-icon-box --><\/div> <!-- aio-icon-component -->[vc_separator color=&#8221;custom&#8221; align=&#8221;align_left&#8221; border_width=&#8221;2&#8243; el_width=&#8221;50&#8243; accent_color=&#8221;#c9c9c9&#8243; css=&#8221;.vc_custom_1510151065777{margin-top: -25px !important;}&#8221;][\/vc_column][vc_column width=&#8221;1\/2&#8243; css=&#8221;.vc_custom_1507797995886{padding-top: 50px !important;}&#8221;]<div class=\"aio-icon-component    style_1\"><div id=\"Info-box-wrap-3920\" class=\"aio-icon-box default-icon\" style=\"\"  ><div class=\"aio-icon-default\"><div class=\"ult-just-icon-wrapper  \"><div class=\"align-icon\" style=\"text-align:center;\">\n<div class=\"aio-icon advanced \"  style=\"color:#ffffff;background:#dd3333;border-style:;border-color:#333333;border-width:1px;width:40px;height:40px;line-height:40px;border-radius:500px;font-size:22px;display:inline-block;\">\n\t<i class=\"Defaults-cogs gears\"><\/i>\n<\/div><\/div><\/div><\/div><div class=\"aio-icon-header\" ><h3 class=\"aio-icon-title ult-responsive\"  data-ultimate-target='#Info-box-wrap-3920 .aio-icon-title'  data-responsive-json-new='{\"font-size\":\"\",\"line-height\":\"\"}'  style=\"\">Caract\u00e9ristiques<\/h3><\/div> <!-- header --><div class=\"aio-icon-description ult-responsive\"  data-ultimate-target='#Info-box-wrap-3920 .aio-icon-description'  data-responsive-json-new='{\"font-size\":\"\",\"line-height\":\"\"}'  style=\"\"><strong>Pilotages presses disponibles :<\/strong><\/p>\n<ul>\n<li>Mouvement v\u00e9rin \u00e0 levier potentiom\u00e9trique ou hydraulique.<\/li>\n<li>R\u00e9glage pression m\u00e9canique ou analogique.<\/li>\n<li>Vitesses variables.<\/li>\n<li>Param\u00e9trage course de travail ou de s\u00e9curit\u00e9 pi\u00e8ce.<\/li>\n<\/ul>\n<p><\/div> <!-- description --><\/div> <!-- aio-icon-box --><\/div> <!-- aio-icon-component -->[\/vc_column][vc_column width=&#8221;1\/2&#8243;]<div class=\"aio-icon-component    style_1\"><div id=\"Info-box-wrap-6357\" class=\"aio-icon-box default-icon\" style=\"\"  ><div class=\"aio-icon-default\"><div class=\"ult-just-icon-wrapper  \"><div class=\"align-icon\" style=\"text-align:center;\">\n<div class=\"aio-icon advanced \"  style=\"color:#ffffff;background:#dd3333;border-style:;border-color:#333333;border-width:1px;width:40px;height:40px;line-height:40px;border-radius:500px;font-size:22px;display:inline-block;\">\n\t<i class=\"Defaults-cubes\"><\/i>\n<\/div><\/div><\/div><\/div><div class=\"aio-icon-header\" ><h3 class=\"aio-icon-title ult-responsive\"  data-ultimate-target='#Info-box-wrap-6357 .aio-icon-title'  data-responsive-json-new='{\"font-size\":\"\",\"line-height\":\"\"}'  style=\"\">Equipements <\/h3><\/div> <!-- header --><div class=\"aio-icon-description ult-responsive\"  data-ultimate-target='#Info-box-wrap-6357 .aio-icon-description'  data-responsive-json-new='{\"font-size\":\"\",\"line-height\":\"\"}'  style=\"\"><strong>Accessoires et options :<\/strong><\/p>\n<ul>\n<li>Outillages de redressage\/formage\/contr\u00f4le.<\/li>\n<li>Contr\u00f4les et mesures arcures, pressions appliqu\u00e9es, qualit\u00e9 fabrication sur produit.<\/li>\n<li>Enregistrement, sauvegarde et \u00e9dition des donn\u00e9es process (tra\u00e7abilit\u00e9).<\/li>\n<\/ul>\n<p><\/div> <!-- description --><\/div> <!-- aio-icon-box --><\/div> <!-- aio-icon-component --><div class=\"aio-icon-component    style_1\"><div id=\"Info-box-wrap-1451\" class=\"aio-icon-box default-icon\" style=\"\"  ><div class=\"aio-icon-default\"><div class=\"ult-just-icon-wrapper  \"><div class=\"align-icon\" style=\"text-align:center;\">\n<div class=\"aio-icon advanced \"  style=\"color:#ffffff;background:#dd3333;border-style:;border-color:#333333;border-width:1px;width:40px;height:40px;line-height:40px;border-radius:500px;font-size:22px;display:inline-block;\">\n\t<i class=\"Defaults-cloud-download\"><\/i>\n<\/div><\/div><\/div><\/div><div class=\"aio-icon-header\" ><h3 class=\"aio-icon-title ult-responsive\"  data-ultimate-target='#Info-box-wrap-1451 .aio-icon-title'  data-responsive-json-new='{\"font-size\":\"\",\"line-height\":\"\"}'  style=\"\">T\u00e9l\u00e9charger la fiche produit<\/h3><\/div> <!-- header --><div class=\"aio-icon-description ult-responsive\"  data-ultimate-target='#Info-box-wrap-1451 .aio-icon-description'  data-responsive-json-new='{\"font-size\":\"\",\"line-height\":\"\"}'  style=\"\"><a href=\"http:\/\/www.mibhydro.com\/wp-content\/uploads\/2018\/01\/Presse-redressage-Standard-adapte-Metaux.pdf\" target=\"_blank\" rel=\"noopener\"><img loading=\"lazy\" decoding=\"async\" class=\"alignnone wp-image-1013 size-full\" src=\"http:\/\/www.mibhydro.com\/wp-content\/uploads\/2017\/10\/pdf.png\" alt=\"\" width=\"64\" height=\"64\" \/><\/a><\/div> <!-- description --><\/div> <!-- aio-icon-box --><\/div> <!-- aio-icon-component -->[\/vc_column][\/vc_row][vc_row full_width=&#8221;stretch_row&#8221; enable_overlay=&#8221;enable_overlay_value&#8221; overlay_color=&#8221;rgba(255,255,255,0.9)&#8221; css=&#8221;.vc_custom_1510152266615{margin-top: 10px !important;}&#8221;][vc_column][vc_row_inner][vc_column_inner width=&#8221;1\/3&#8243;][vc_separator color=&#8221;custom&#8221; align=&#8221;align_left&#8221; border_width=&#8221;2&#8243; accent_color=&#8221;#dd3333&#8243; css=&#8221;.vc_custom_1510152772877{margin-top: 47px !important;}&#8221;][\/vc_column_inner][vc_column_inner width=&#8221;1\/3&#8243;]<div class=\"aio-icon-component  vc_custom_1510152907554   style_1\"><div id=\"Info-box-wrap-3052\" class=\"aio-icon-box default-icon\" style=\"\"  ><div class=\"aio-icon-default\"><div class=\"ult-just-icon-wrapper  \"><div class=\"align-icon\" style=\"text-align:center;\">\n<div class=\"aio-icon-img \" style=\"font-size:48px;border-style:solid;border-color:#dd3333;border-width:1px;padding:20px;border-radius:500px;display:inline-block;\" >\n\t<img decoding=\"async\" class=\"img-icon\" alt=\"null\" src=\"https:\/\/www.mibhydro.com\/wp-content\/uploads\/2017\/10\/binoculars.png\"\/>\n<\/div><\/div><\/div><\/div><div class=\"aio-icon-header\" ><h3 class=\"aio-icon-title ult-responsive\"  data-ultimate-target='#Info-box-wrap-3052 .aio-icon-title'  data-responsive-json-new='{\"font-size\":\"desktop:27px;\",\"line-height\":\"\"}'  style=\"color:#e10318;\">Voir aussi<\/h3><\/div> <!-- header --><\/div> <!-- aio-icon-box --><\/div> <!-- aio-icon-component -->[\/vc_column_inner][vc_column_inner width=&#8221;1\/3&#8243;][vc_separator color=&#8221;custom&#8221; align=&#8221;align_left&#8221; border_width=&#8221;2&#8243; accent_color=&#8221;#dd3333&#8243; css=&#8221;.vc_custom_1510152772877{margin-top: 47px !important;}&#8221;][\/vc_column_inner][\/vc_row_inner]<style type=\"text\/css\" data-type=\"the7_shortcodes-inline-css\">.carousel-shortcode.carousel-shortcode-id-72c22f48c17e9ef63d1202f7916079bc .owl-nav a {\n  width: 36px;\n  height: 36px;\n  border-radius: 500px;\n}\n.dt-arrow-border-on.carousel-shortcode.carousel-shortcode-id-72c22f48c17e9ef63d1202f7916079bc .owl-nav a:not(:hover):before {\n  border-width: 0px;\n}\n.dt-arrow-hover-border-on.carousel-shortcode.carousel-shortcode-id-72c22f48c17e9ef63d1202f7916079bc .owl-nav a:hover:after {\n  border-width: 0px;\n}\n.carousel-shortcode.carousel-shortcode-id-72c22f48c17e9ef63d1202f7916079bc .owl-nav a.owl-prev {\n  top: 50%;\n  transform: translateY(calc(-50% + 0px));\n  left: -43px;\n}\n@media all and (-ms-high-contrast: none) {\n  .carousel-shortcode.carousel-shortcode-id-72c22f48c17e9ef63d1202f7916079bc .owl-nav a.owl-prev {\n    transform: translateY(-50%);\n    margin-top: 0px;\n  }\n}\n.carousel-shortcode.carousel-shortcode-id-72c22f48c17e9ef63d1202f7916079bc .owl-nav a.owl-prev i {\n  padding: 0px 0px 0px 0px;\n}\n.carousel-shortcode.carousel-shortcode-id-72c22f48c17e9ef63d1202f7916079bc .owl-nav a.owl-next {\n  top: 50%;\n  transform: translateY(calc(-50% + 0px));\n  right: -43px;\n}\n@media all and (-ms-high-contrast: none) {\n  .carousel-shortcode.carousel-shortcode-id-72c22f48c17e9ef63d1202f7916079bc .owl-nav a.owl-next {\n    transform: translateY(-50%);\n    margin-top: 0px;\n  }\n}\n.carousel-shortcode.carousel-shortcode-id-72c22f48c17e9ef63d1202f7916079bc .owl-nav a.owl-next i {\n  padding: 0px 0px 0px 0px;\n}\n.carousel-shortcode.carousel-shortcode-id-72c22f48c17e9ef63d1202f7916079bc .owl-nav i {\n  font-size: 18px;\n}\n.carousel-shortcode.carousel-shortcode-id-72c22f48c17e9ef63d1202f7916079bc .owl-nav a:not(:hover) i,\n.carousel-shortcode.carousel-shortcode-id-72c22f48c17e9ef63d1202f7916079bc .owl-nav a:not(:hover) i:before {\n  color: #ffffff;\n  background: none;\n}\n.carousel-shortcode.carousel-shortcode-id-72c22f48c17e9ef63d1202f7916079bc .owl-nav a:hover i,\n.carousel-shortcode.carousel-shortcode-id-72c22f48c17e9ef63d1202f7916079bc .owl-nav a:hover i:before {\n  color: rgba(255,255,255,0.75);\n  background: none;\n}\n.carousel-shortcode.carousel-shortcode-id-72c22f48c17e9ef63d1202f7916079bc .owl-dots {\n  top: calc(100% + 20px);\n  left: 50%;\n  transform: translateX(calc(-50% + 0px));\n}\n@media all and (-ms-high-contrast: none) {\n  .carousel-shortcode.carousel-shortcode-id-72c22f48c17e9ef63d1202f7916079bc .owl-dots {\n    transform: translateX(-50%);\n    margin-left: 0px;\n  }\n}\n.carousel-shortcode.carousel-shortcode-id-72c22f48c17e9ef63d1202f7916079bc .owl-dot {\n  width: 10px;\n  height: 10px;\n  margin: 0 8px;\n}\n@media screen and (max-width: 778px) {\n  .carousel-shortcode.carousel-shortcode-id-72c22f48c17e9ef63d1202f7916079bc.hide-arrows .owl-nav a {\n    display: none;\n  }\n}\n@media screen and (max-width: 778px) {\n  .carousel-shortcode.carousel-shortcode-id-72c22f48c17e9ef63d1202f7916079bc.reposition-arrows .owl-nav .owl-prev {\n    top: 50%;\n    transform: translateY(calc(-50% + 0px));\n    left: 10px;\n  }\n  .carousel-shortcode.carousel-shortcode-id-72c22f48c17e9ef63d1202f7916079bc.reposition-arrows .owl-nav .owl-next {\n    top: 50%;\n    transform: translateY(calc(-50% + 0px));\n    right: 10px;\n  }\n}\n@media screen and (max-width: 778px) and all and (-ms-high-contrast: none) {\n  .carousel-shortcode.carousel-shortcode-id-72c22f48c17e9ef63d1202f7916079bc.reposition-arrows .owl-nav .owl-prev {\n    transform: translateY(-50%);\n    margin-top: 0px;\n  }\n}\n@media screen and (max-width: 778px) and all and (-ms-high-contrast: none) {\n  .carousel-shortcode.carousel-shortcode-id-72c22f48c17e9ef63d1202f7916079bc.reposition-arrows .owl-nav .owl-next {\n    transform: translateY(-50%);\n    margin-top: 0px;\n  }\n}\n<\/style><div class=\"owl-carousel carousel-shortcode dt-owl-carousel-call carousel-shortcode-id-72c22f48c17e9ef63d1202f7916079bc bullets-small-dot-stroke reposition-arrows arrows-bg-on dt-arrow-border-on dt-arrow-hover-border-on disable-arrows-hover-bg arrows-hover-bg-on  vc_custom_1510223632477 \" data-scroll-mode=\"1\" data-col-num=\"6\" data-wide-col-num=\"4\" data-laptop-col=\"6\" data-h-tablet-columns-num=\"4\" data-v-tablet-columns-num=\"2\" data-phone-columns-num=\"2\" data-auto-height=\"true\" data-col-gap=\"30\" data-stage-padding=\"0\" data-speed=\"600\" data-autoplay=\"false\" data-autoplay_speed=\"6000\" data-arrows=\"true\" data-bullet=\"false\" data-next-icon=\"icon-ar-017-r\" data-prev-icon=\"icon-ar-017-l\">[vc_row_inner][vc_column_inner][vc_single_image image=&#8221;1342&#8243; alignment=&#8221;center&#8221;]<div class=\"aio-icon-component    style_1\"><div id=\"Info-box-wrap-7175\" class=\"aio-icon-box top-icon\" style=\"\"  ><div class=\"aio-icon-header\" ><a class=\"aio-icon-box-link\" href=\"?page_id=1599\" ><h3 class=\"aio-icon-title ult-responsive\"  data-ultimate-target='#Info-box-wrap-7175 .aio-icon-title'  data-responsive-json-new='{\"font-size\":\"desktop:15px;\",\"line-height\":\"desktop:15px;\"}'  style=\"\">LIGNE DE D\u00c9COUPAGE ET FORMAGE<\/h3><\/a><\/div> <!-- header --><\/div> <!-- aio-icon-box --><\/div> <!-- aio-icon-component -->[\/vc_column_inner][\/vc_row_inner][vc_row_inner][vc_column_inner][vc_single_image image=&#8221;1376&#8243; alignment=&#8221;center&#8221;]<div class=\"aio-icon-component    style_1\"><div id=\"Info-box-wrap-8709\" class=\"aio-icon-box top-icon\" style=\"\"  ><div class=\"aio-icon-header\" ><a class=\"aio-icon-box-link\" href=\"?page_id=1371\" ><h3 class=\"aio-icon-title ult-responsive\"  data-ultimate-target='#Info-box-wrap-8709 .aio-icon-title'  data-responsive-json-new='{\"font-size\":\"desktop:15px;\",\"line-height\":\"desktop:15px;\"}'  style=\"\">PRESSE D'EMBOUTISSAGE ET DE CALIBRAGE<\/h3><\/a><\/div> <!-- header --><\/div> <!-- aio-icon-box --><\/div> <!-- aio-icon-component -->[\/vc_column_inner][\/vc_row_inner][vc_row_inner][vc_column_inner][vc_single_image image=&#8221;1375&#8243; alignment=&#8221;center&#8221;]<div class=\"aio-icon-component    style_1\"><div id=\"Info-box-wrap-7990\" class=\"aio-icon-box top-icon\" style=\"\"  ><div class=\"aio-icon-header\" ><a class=\"aio-icon-box-link\" href=\"?page_id=1391\" ><h3 class=\"aio-icon-title ult-responsive\"  data-ultimate-target='#Info-box-wrap-7990 .aio-icon-title'  data-responsive-json-new='{\"font-size\":\"desktop:15px;\",\"line-height\":\"desktop:15px;\"}'  style=\"\">LIGNE DE POIN\u00c7ONNAGE FORMAGE<\/h3><\/a><\/div> <!-- header --><\/div> <!-- aio-icon-box --><\/div> <!-- aio-icon-component -->[\/vc_column_inner][\/vc_row_inner][vc_row_inner][vc_column_inner][vc_single_image image=&#8221;1343&#8243; alignment=&#8221;center&#8221;]<div class=\"aio-icon-component    style_1\"><div id=\"Info-box-wrap-8447\" class=\"aio-icon-box top-icon\" style=\"\"  ><div class=\"aio-icon-header\" ><a class=\"aio-icon-box-link\" href=\"?page_id=1402\" ><h3 class=\"aio-icon-title ult-responsive\"  data-ultimate-target='#Info-box-wrap-8447 .aio-icon-title'  data-responsive-json-new='{\"font-size\":\"desktop:15px;\",\"line-height\":\"desktop:15px;\"}'  style=\"\">MAXI PRESSE DE FORMAGE<\/h3><\/a><\/div> <!-- header --><\/div> <!-- aio-icon-box --><\/div> <!-- aio-icon-component -->[\/vc_column_inner][\/vc_row_inner][vc_row_inner][vc_column_inner][vc_single_image image=&#8221;1344&#8243; alignment=&#8221;center&#8221;]<div class=\"aio-icon-component    style_1\"><div id=\"Info-box-wrap-7390\" class=\"aio-icon-box top-icon\" style=\"\"  ><div class=\"aio-icon-header\" ><a class=\"aio-icon-box-link\" href=\"?page_id=1410\" ><h3 class=\"aio-icon-title ult-responsive\"  data-ultimate-target='#Info-box-wrap-7390 .aio-icon-title'  data-responsive-json-new='{\"font-size\":\"desktop:15px;\",\"line-height\":\"desktop:15px;\"}'  style=\"\">PRESSE ARCADE D\u2019EMBOUTISSAGE TRIPLE EFFET<\/h3><\/a><\/div> <!-- header --><\/div> <!-- aio-icon-box --><\/div> <!-- aio-icon-component -->[\/vc_column_inner][\/vc_row_inner][vc_row_inner][vc_column_inner][vc_single_image image=&#8221;1345&#8243; alignment=&#8221;center&#8221;]<div class=\"aio-icon-component    style_1\"><div id=\"Info-box-wrap-5235\" class=\"aio-icon-box top-icon\" style=\"\"  ><div class=\"aio-icon-header\" ><a class=\"aio-icon-box-link\" href=\"?page_id=1421\" ><h3 class=\"aio-icon-title ult-responsive\"  data-ultimate-target='#Info-box-wrap-5235 .aio-icon-title'  data-responsive-json-new='{\"font-size\":\"desktop:15px;\",\"line-height\":\"desktop:15px;\"}'  style=\"\">PRESSE DE REDRESSAGE ET DE FORMAGE<\/h3><\/a><\/div> <!-- header --><\/div> <!-- aio-icon-box --><\/div> <!-- aio-icon-component -->[\/vc_column_inner][\/vc_row_inner]<\/div>[\/vc_column][\/vc_row]<\/p>","protected":false},"excerpt":{"rendered":"<p>[vc_row full_width=&#8221;stretch_row&#8221; enable_overlay=&#8221;enable_overlay_value&#8221; overlay_color=&#8221;rgba(255,255,255,0.82)&#8221; seperator_enable=&#8221;seperator_enable_value&#8221; seperator_type=&#8221;tilt_left_seperator&#8221; seperator_svg_height=&#8221;60&#8243; seperator_shape_background=&#8221;#e74c4a&#8221;][vc_column width=&#8221;1\/2&#8243;][vc_separator color=&#8221;custom&#8221; align=&#8221;align_left&#8221; border_width=&#8221;2&#8243; accent_color=&#8221;#c9c9c9&#8243; css=&#8221;.vc_custom_1510151129236{margin-top: -25px !important;}&#8221;][vc_column_text css=&#8221;.vc_custom_1510240503746{margin-top: 40px !important;}&#8221;]Adapt\u00e9es aussi bien pour le travail \u00e0 fa\u00e7on comme\u00a0pour la production s\u00e9rie pour des applications dans\u00a0l\u2019industries lourdes,l\u2019a\u00e9ronautiques, l\u2019\u00e9nergie,\u00a0l\u2019agro-alimentaire, l\u2019automobile\u2026 Con\u00e7ues pour couvrir une large gamme de produits :Tubes, profil\u00e9s, t\u00f4le, pi\u00e8ces de forme et d\u2019usinage.\u00a0Mati\u00e8res sp\u00e9ciales (aluminium&hellip;<\/p>\n","protected":false},"author":4,"featured_media":0,"parent":1324,"menu_order":0,"comment_status":"closed","ping_status":"closed","template":"","meta":{"_exactmetrics_skip_tracking":false,"_exactmetrics_sitenote_active":false,"_exactmetrics_sitenote_note":"","_exactmetrics_sitenote_category":0,"footnotes":""},"class_list":["post-1421","page","type-page","status-publish","hentry","description-off"],"_links":{"self":[{"href":"https:\/\/www.mibhydro.com\/en\/wp-json\/wp\/v2\/pages\/1421","targetHints":{"allow":["GET"]}}],"collection":[{"href":"https:\/\/www.mibhydro.com\/en\/wp-json\/wp\/v2\/pages"}],"about":[{"href":"https:\/\/www.mibhydro.com\/en\/wp-json\/wp\/v2\/types\/page"}],"author":[{"embeddable":true,"href":"https:\/\/www.mibhydro.com\/en\/wp-json\/wp\/v2\/users\/4"}],"replies":[{"embeddable":true,"href":"https:\/\/www.mibhydro.com\/en\/wp-json\/wp\/v2\/comments?post=1421"}],"version-history":[{"count":2,"href":"https:\/\/www.mibhydro.com\/en\/wp-json\/wp\/v2\/pages\/1421\/revisions"}],"predecessor-version":[{"id":2475,"href":"https:\/\/www.mibhydro.com\/en\/wp-json\/wp\/v2\/pages\/1421\/revisions\/2475"}],"up":[{"embeddable":true,"href":"https:\/\/www.mibhydro.com\/en\/wp-json\/wp\/v2\/pages\/1324"}],"wp:attachment":[{"href":"https:\/\/www.mibhydro.com\/en\/wp-json\/wp\/v2\/media?parent=1421"}],"curies":[{"name":"wp","href":"https:\/\/api.w.org\/{rel}","templated":true}]}}